{"id":205,"date":"2025-06-26T10:27:12","date_gmt":"2025-06-26T08:27:12","guid":{"rendered":"https:\/\/beteavon.org\/beteavon-riconoscimenti\/"},"modified":"2025-06-26T15:19:11","modified_gmt":"2025-06-26T13:19:11","slug":"beteavon-awards","status":"publish","type":"page","link":"https:\/\/beteavon.org\/en\/beteavon-awards\/","title":{"rendered":"BETEAV\u00d2N AWARDS"},"content":{"rendered":"<div class=\"wpb-content-wrapper\"><p>[vc_row ts_textcolor=&#8221;white&#8221; ts_bgcolor=&#8221;skincolor&#8221; full_width=&#8221;stretch_row&#8221; content_placement=&#8221;top&#8221; css=&#8221;.vc_custom_1742815647077{padding-bottom: 140px !important;background-position: center !important;background-repeat: no-repeat !important;background-size: cover !important;}&#8221;][vc_column]<div class=\"ts-element-heading-wrapper ts-heading-inner ts-element-align-center ts-seperator-none  w-100\"><section class=\"ts-vc_cta3-container w-100\"><div class=\"ts-vc_general ts-vc_cta3 ts-cta3-only ts-vc_cta3-style-classic ts-vc_cta3-shape-rounded ts-vc_cta3-align-center ts-vc_cta3-color-transparent ts-vc_cta3-icon-size-md ts-vc_cta3-actions-no ts-cta3-with-desc\"><div class=\"ts-vc_cta3_content-container\"><div class=\"ts-vc_cta3-content\"><div class=\"ts-vc_cta3-content-header ts-wrap\"><div class=\"ts-vc_cta3-headers ts-wrap-cell\"><h2 class=\"ts-custom-heading \" >BETEAV\u00d2N AWARDS<\/h2>\n<\/div><\/div><div class=\"ts-cta3-content-wrapper\">\n<p style=\"text-align: center;\">In recent years Bet\u00e8avon has received two important awards: the Certificate of Civic Merit of the Ambrogino d\u2019Oro 2024 and the Champion Award. The first is the highest civic honor assigned by the Municipality of Milan to those who dedicate their life to the common good and have made a special contribution to the city. The second was conceived by Mario Furlan, founder of the City Angels, with the intent of rewarding people and organizations that have distinguished themselves for solidarity, legality and civic spirit.<\/p>\n<p><\/div><\/div><\/div><\/div><\/section><\/div> <!-- .ts-element-heading-wrapper container --> [\/vc_column][\/vc_row][vc_row el_class=&#8221;ts-mt-10&#8243; css=&#8221;.vc_custom_1731576578846{padding-top: 0px !important;padding-bottom: 0px !important;}&#8221;][vc_column][vc_media_grid style=&#8221;load-more&#8221; element_width=&#8221;6&#8243; gap=&#8221;10&#8243; item=&#8221;mediaGrid_ScaleWithRotation&#8221; css=&#8221;&#8221; btn_title=&#8221;&#8221; grid_id=&#8221;vc_gid:1750943864288-f9ddc825-d112-6&#8243; include=&#8221;74,75&#8243;][\/vc_column][\/vc_row][vc_row][vc_column][vc_video link=&#8221;https:\/\/youtu.be\/BsTo_b5k72Y&#8221;][\/vc_column][\/vc_row]<\/p>\n<\/div>","protected":false},"excerpt":{"rendered":"<p>[vc_row ts_textcolor=&#8221;white&#8221; ts_bgcolor=&#8221;skincolor&#8221; full_width=&#8221;stretch_row&#8221; content_placement=&#8221;top&#8221; css=&#8221;.vc_custom_1742815647077{padding-bottom: 140px !important;background-position: center !important;background-repeat: no-repeat !important;background-size: cover !important;}&#8221;][vc_column][\/vc_column][\/vc_row][vc_row el_class=&#8221;ts-mt-10&#8243; css=&#8221;.vc_custom_1731576578846{padding-top: 0px !important;padding-bottom: 0px !important;}&#8221;][vc_column][vc_media_grid style=&#8221;load-more&#8221; element_width=&#8221;6&#8243; gap=&#8221;10&#8243; item=&#8221;mediaGrid_ScaleWithRotation&#8221; css=&#8221;&#8221; btn_title=&#8221;&#8221; grid_id=&#8221;vc_gid:1750943864288-f9ddc825-d112-6&#8243; include=&#8221;74,75&#8243;][\/vc_column][\/vc_row][vc_row][vc_column][vc_video link=&#8221;https:\/\/youtu.be\/BsTo_b5k72Y&#8221;][\/vc_column][\/vc_row]<\/p>\n","protected":false},"author":1,"featured_media":0,"parent":0,"menu_order":0,"comment_status":"closed","ping_status":"closed","template":"","meta":{"footnotes":""},"class_list":["post-205","page","type-page","status-publish","hentry"],"yoast_head":"<!-- This site is optimized with the Yoast SEO plugin v27.3 - https:\/\/yoast.com\/product\/yoast-seo-wordpress\/ -->\n<title>BETEAV\u00d2N AWARDS - Beteav\u00f2n<\/title>\n<meta name=\"description\" content=\"Bet\u00e8avon has received two important awards: the Certificate of Civic Merit of the Ambrogino d\u2019Oro 2024 and the Champion Award.\" \/>\n<meta name=\"robots\" content=\"index, follow, max-snippet:-1, max-image-preview:large, max-video-preview:-1\" \/>\n<link rel=\"canonical\" href=\"https:\/\/beteavon.org\/en\/beteavon-awards\/\" \/>\n<meta property=\"og:locale\" content=\"en_US\" \/>\n<meta property=\"og:type\" content=\"article\" \/>\n<meta property=\"og:title\" content=\"BETEAV\u00d2N AWARDS - Beteav\u00f2n\" \/>\n<meta property=\"og:description\" content=\"Bet\u00e8avon has received two important awards: the Certificate of Civic Merit of the Ambrogino d\u2019Oro 2024 and the Champion Award.\" \/>\n<meta property=\"og:url\" content=\"https:\/\/beteavon.org\/en\/beteavon-awards\/\" \/>\n<meta property=\"og:site_name\" content=\"Beteav\u00f2n\" \/>\n<meta property=\"article:modified_time\" content=\"2025-06-26T13:19:11+00:00\" \/>\n<meta name=\"twitter:card\" content=\"summary_large_image\" \/>\n<meta name=\"twitter:label1\" content=\"Est. reading time\" \/>\n\t<meta name=\"twitter:data1\" content=\"2 minutes\" \/>\n<script type=\"application\/ld+json\" class=\"yoast-schema-graph\">{\"@context\":\"https:\\\/\\\/schema.org\",\"@graph\":[{\"@type\":\"WebPage\",\"@id\":\"https:\\\/\\\/beteavon.org\\\/en\\\/beteavon-awards\\\/\",\"url\":\"https:\\\/\\\/beteavon.org\\\/en\\\/beteavon-awards\\\/\",\"name\":\"BETEAV\u00d2N AWARDS - Beteav\u00f2n\",\"isPartOf\":{\"@id\":\"https:\\\/\\\/beteavon.org\\\/en\\\/#website\"},\"datePublished\":\"2025-06-26T08:27:12+00:00\",\"dateModified\":\"2025-06-26T13:19:11+00:00\",\"description\":\"Bet\u00e8avon has received two important awards: the Certificate of Civic Merit of the Ambrogino d\u2019Oro 2024 and the Champion Award.\",\"breadcrumb\":{\"@id\":\"https:\\\/\\\/beteavon.org\\\/en\\\/beteavon-awards\\\/#breadcrumb\"},\"inLanguage\":\"en-US\",\"potentialAction\":[{\"@type\":\"ReadAction\",\"target\":[\"https:\\\/\\\/beteavon.org\\\/en\\\/beteavon-awards\\\/\"]}]},{\"@type\":\"BreadcrumbList\",\"@id\":\"https:\\\/\\\/beteavon.org\\\/en\\\/beteavon-awards\\\/#breadcrumb\",\"itemListElement\":[{\"@type\":\"ListItem\",\"position\":1,\"name\":\"Home\",\"item\":\"https:\\\/\\\/beteavon.org\\\/en\\\/\"},{\"@type\":\"ListItem\",\"position\":2,\"name\":\"BETEAV\u00d2N AWARDS\"}]},{\"@type\":\"WebSite\",\"@id\":\"https:\\\/\\\/beteavon.org\\\/en\\\/#website\",\"url\":\"https:\\\/\\\/beteavon.org\\\/en\\\/\",\"name\":\"Beteav\u00f2n\",\"description\":\"La Nostra Grande Cucina\",\"potentialAction\":[{\"@type\":\"SearchAction\",\"target\":{\"@type\":\"EntryPoint\",\"urlTemplate\":\"https:\\\/\\\/beteavon.org\\\/en\\\/?s={search_term_string}\"},\"query-input\":{\"@type\":\"PropertyValueSpecification\",\"valueRequired\":true,\"valueName\":\"search_term_string\"}}],\"inLanguage\":\"en-US\"}]}<\/script>\n<!-- \/ Yoast SEO plugin. -->","yoast_head_json":{"title":"BETEAV\u00d2N AWARDS - Beteav\u00f2n","description":"Bet\u00e8avon has received two important awards: the Certificate of Civic Merit of the Ambrogino d\u2019Oro 2024 and the Champion Award.","robots":{"index":"index","follow":"follow","max-snippet":"max-snippet:-1","max-image-preview":"max-image-preview:large","max-video-preview":"max-video-preview:-1"},"canonical":"https:\/\/beteavon.org\/en\/beteavon-awards\/","og_locale":"en_US","og_type":"article","og_title":"BETEAV\u00d2N AWARDS - Beteav\u00f2n","og_description":"Bet\u00e8avon has received two important awards: the Certificate of Civic Merit of the Ambrogino d\u2019Oro 2024 and the Champion Award.","og_url":"https:\/\/beteavon.org\/en\/beteavon-awards\/","og_site_name":"Beteav\u00f2n","article_modified_time":"2025-06-26T13:19:11+00:00","twitter_card":"summary_large_image","twitter_misc":{"Est. reading time":"2 minutes"},"schema":{"@context":"https:\/\/schema.org","@graph":[{"@type":"WebPage","@id":"https:\/\/beteavon.org\/en\/beteavon-awards\/","url":"https:\/\/beteavon.org\/en\/beteavon-awards\/","name":"BETEAV\u00d2N AWARDS - Beteav\u00f2n","isPartOf":{"@id":"https:\/\/beteavon.org\/en\/#website"},"datePublished":"2025-06-26T08:27:12+00:00","dateModified":"2025-06-26T13:19:11+00:00","description":"Bet\u00e8avon has received two important awards: the Certificate of Civic Merit of the Ambrogino d\u2019Oro 2024 and the Champion Award.","breadcrumb":{"@id":"https:\/\/beteavon.org\/en\/beteavon-awards\/#breadcrumb"},"inLanguage":"en-US","potentialAction":[{"@type":"ReadAction","target":["https:\/\/beteavon.org\/en\/beteavon-awards\/"]}]},{"@type":"BreadcrumbList","@id":"https:\/\/beteavon.org\/en\/beteavon-awards\/#breadcrumb","itemListElement":[{"@type":"ListItem","position":1,"name":"Home","item":"https:\/\/beteavon.org\/en\/"},{"@type":"ListItem","position":2,"name":"BETEAV\u00d2N AWARDS"}]},{"@type":"WebSite","@id":"https:\/\/beteavon.org\/en\/#website","url":"https:\/\/beteavon.org\/en\/","name":"Beteav\u00f2n","description":"La Nostra Grande Cucina","potentialAction":[{"@type":"SearchAction","target":{"@type":"EntryPoint","urlTemplate":"https:\/\/beteavon.org\/en\/?s={search_term_string}"},"query-input":{"@type":"PropertyValueSpecification","valueRequired":true,"valueName":"search_term_string"}}],"inLanguage":"en-US"}]}},"_links":{"self":[{"href":"https:\/\/beteavon.org\/en\/wp-json\/wp\/v2\/pages\/205","targetHints":{"allow":["GET"]}}],"collection":[{"href":"https:\/\/beteavon.org\/en\/wp-json\/wp\/v2\/pages"}],"about":[{"href":"https:\/\/beteavon.org\/en\/wp-json\/wp\/v2\/types\/page"}],"author":[{"embeddable":true,"href":"https:\/\/beteavon.org\/en\/wp-json\/wp\/v2\/users\/1"}],"replies":[{"embeddable":true,"href":"https:\/\/beteavon.org\/en\/wp-json\/wp\/v2\/comments?post=205"}],"version-history":[{"count":2,"href":"https:\/\/beteavon.org\/en\/wp-json\/wp\/v2\/pages\/205\/revisions"}],"predecessor-version":[{"id":252,"href":"https:\/\/beteavon.org\/en\/wp-json\/wp\/v2\/pages\/205\/revisions\/252"}],"wp:attachment":[{"href":"https:\/\/beteavon.org\/en\/wp-json\/wp\/v2\/media?parent=205"}],"curies":[{"name":"wp","href":"https:\/\/api.w.org\/{rel}","templated":true}]}}