{"id":200,"date":"2025-06-26T10:13:32","date_gmt":"2025-06-26T08:13:32","guid":{"rendered":"https:\/\/beteavon.org\/beteavon-e-i-suoi-volontari\/"},"modified":"2025-06-27T17:08:50","modified_gmt":"2025-06-27T15:08:50","slug":"beteavon-and-its-volunteers","status":"publish","type":"page","link":"https:\/\/beteavon.org\/en\/beteavon-and-its-volunteers\/","title":{"rendered":"BETEAV\u00d2N AND ITS VOLUNTEERS"},"content":{"rendered":"<div class=\"wpb-content-wrapper\"><p>[vc_row ts_textcolor=&#8221;white&#8221; ts_bgcolor=&#8221;skincolor&#8221; full_width=&#8221;stretch_row&#8221; equal_height=&#8221;yes&#8221; css=&#8221;.vc_custom_1741170376330{padding-top: 0px !important;padding-bottom: 0px !important;background-position: center !important;background-repeat: no-repeat !important;background-size: cover !important;}&#8221;][vc_column width=&#8221;1\/2&#8243; css=&#8221;.vc_custom_1751036924375{margin-top: 100px !important;background-image: url(https:\/\/beteavon.org\/wp-content\/uploads\/2025\/06\/Beteavon-volontari-challah.jpg?id=308) !important;background-position: center !important;background-repeat: no-repeat !important;background-size: cover !important;}&#8221;][\/vc_column][vc_column width=&#8221;1\/2&#8243; css=&#8221;.vc_custom_1531742309650{padding-top: 90px !important;padding-right: 0px !important;padding-bottom: 60px !important;padding-left: 60px !important;}&#8221; ts_responsive_css=&#8221;70408163|colbreak_no|||||||||colbreak_no|||||||||colbreak_no||||||30||30||colbreak_no|||||||||&#8221;]<div class=\"ts-element-heading-wrapper ts-heading-inner ts-element-align-left ts-seperator-none \"><section class=\"ts-vc_cta3-container\"><div class=\"ts-vc_general ts-vc_cta3 ts-cta3-only ts-vc_cta3-style-classic ts-vc_cta3-shape-rounded ts-vc_cta3-align-left ts-vc_cta3-color-transparent ts-vc_cta3-icon-size-md ts-vc_cta3-actions-no ts-cta3-with-desc\"><div class=\"ts-vc_cta3_content-container\"><div class=\"ts-vc_cta3-content\"><div class=\"ts-vc_cta3-content-header ts-wrap\"><div class=\"ts-vc_cta3-headers ts-wrap-cell\"><h2 class=\"ts-custom-heading \" >BETEAV\u00d2N AND ITS VOLUNTEERS<\/h2>\n<\/div><\/div><div class=\"ts-cta3-content-wrapper\">\n<div class=\"gdlr-core-pbf-element\">\n<div class=\"gdlr-core-text-box-item gdlr-core-item-pdlr gdlr-core-item-pdb gdlr-core-left-align\">\n<div class=\"gdlr-core-text-box-item-content\">\n<p style=\"text-align: left;\">Beteav\u00f2n&#8217;s activity relies on the precious help of over 60 volunteers who provide support for the following activities: preparing meals and packaging them in disposable containers, distributing meals at home, helping the homeless, visiting the elderly. Help us support this project by becoming a volunteer, it only takes a few hours a month to prepare meals, help us with deliveries and lend a hand to people less fortunate than you.<\/p>\n<\/div>\n<\/div>\n<\/div>\n<p><\/div><\/div><\/div><\/div><\/section><\/div> <!-- .ts-element-heading-wrapper container --> [\/vc_column][\/vc_row][vc_row full_width=&#8221;stretch_row_content&#8221; el_class=&#8221;ts-mt-10&#8243; css=&#8221;.vc_custom_1743070144556{margin-top: 40px !important;margin-bottom: 40px !important;}&#8221;][vc_column css=&#8221;.vc_custom_1743070156120{margin-top: 40px !important;margin-bottom: 40px !important;}&#8221;][vc_single_image image=&#8221;53&#8243; img_size=&#8221;full&#8221; alignment=&#8221;center&#8221; css=&#8221;&#8221;][\/vc_column][\/vc_row][vc_row full_width=&#8221;stretch_row_content_no_spaces&#8221; el_class=&#8221;ts-mt-10&#8243; css=&#8221;.vc_custom_1749111374244{margin-bottom: 0px !important;padding-top: 0px !important;padding-bottom: 0px !important;}&#8221;][vc_column ts_bgcolor=&#8221;skincolor&#8221;]<section class=\"ts-vc_cta3-container\"><div class=\"ts-vc_general ts-vc_cta3 ts-cta3-only ts-vc_cta3-style-classic ts-vc_cta3-shape-rounded ts-vc_cta3-align-center ts-vc_cta3-color-transparent ts-vc_cta3-icon-size-md ts-vc_cta3-icons-top ts-vc_cta3-actions-bottom vc_custom_1750941894983  wpb_animate_when_almost_visible wpb_fadeIn fadeIn ts-cta3-without-desc\"><div class=\"ts-vc_cta3-icons ts-wrap-cell\"><div class=\"ts-vc_icon_element ts-vc_icon_element-outer ts-vc_icon_element-align-left \"><div class=\"ts-vc_icon_element-inner  ts-vc_icon_element-color-black ts-vc_icon_element-size-md ts-vc_icon_element-style- ts-vc_icon_element-background-color-grey\" ><span class=\"ts-vc_icon_element-icon fa fa-hand-paper-o\" ><\/span><a class=\"ts-vc_icon_element-link\" href=\"https:\/\/beteavon.org\/contattaci\/\" title=\"CONTATTACI\" target=\"_blank\"><\/a><\/div><\/div><\/div><div class=\"ts-vc_cta3_content-container\"><div class=\"ts-vc_cta3-content\"><div class=\"ts-vc_cta3-content-header ts-wrap\"><div class=\"ts-vc_cta3-headers ts-wrap-cell\"><h2 style=\"font-size:100;color:#000000;\" class=\"ts-custom-heading \" >DO YOU WANT TO BE ONE OF US?<\/h2>\n<\/div><\/div><\/div><div class=\"ts-vc_cta3-actions\">\r\n\t\t<div class=\"ts-vc_btn3-container  wpb_animate_when_almost_visible wpb_ wpb_animate_when_almost_visible wpb_flipInX flipInX  wpb_animate_when_almost_visible wpb_flipInX flipInX ts-vc_btn3-center\"><a class=\"ts-vc_general ts-vc_btn3 ts-vc_btn3-size-lg ts-vc_btn3-shape-rounded ts-vc_btn3-style-flat ts-vc_btn3-weight-yes ts-vc_btn3-color-black\" href=\"https:\/\/beteavon.org\/contattaci\/\" title=\"CONTATTACI\" target=\"_blank\">CONTACT US<\/a><\/div><\/div><\/div><\/div><\/section>[\/vc_column][\/vc_row]<\/p>\n<\/div>","protected":false},"excerpt":{"rendered":"<p>[vc_row ts_textcolor=&#8221;white&#8221; ts_bgcolor=&#8221;skincolor&#8221; full_width=&#8221;stretch_row&#8221; equal_height=&#8221;yes&#8221; css=&#8221;.vc_custom_1741170376330{padding-top: 0px !important;padding-bottom: 0px !important;background-position: center !important;background-repeat: no-repeat !important;background-size: cover !important;}&#8221;][vc_column width=&#8221;1\/2&#8243; css=&#8221;.vc_custom_1751036924375{margin-top: 100px !important;background-image: url(https:\/\/beteavon.org\/wp-content\/uploads\/2025\/06\/Beteavon-volontari-challah.jpg?id=308) !important;background-position: center !important;background-repeat: no-repeat !important;background-size: cover !important;}&#8221;][\/vc_column][vc_column width=&#8221;1\/2&#8243; css=&#8221;.vc_custom_1531742309650{padding-top: 90px !important;padding-right: 0px !important;padding-bottom: 60px !important;padding-left: 60px !important;}&#8221; ts_responsive_css=&#8221;70408163|colbreak_no|||||||||colbreak_no|||||||||colbreak_no||||||30||30||colbreak_no|||||||||&#8221;][\/vc_column][\/vc_row][vc_row full_width=&#8221;stretch_row_content&#8221; el_class=&#8221;ts-mt-10&#8243; css=&#8221;.vc_custom_1743070144556{margin-top: 40px !important;margin-bottom: 40px !important;}&#8221;][vc_column css=&#8221;.vc_custom_1743070156120{margin-top: 40px !important;margin-bottom: 40px !important;}&#8221;][vc_single_image image=&#8221;53&#8243; img_size=&#8221;full&#8221; alignment=&#8221;center&#8221; css=&#8221;&#8221;][\/vc_column][\/vc_row][vc_row &hellip; <a href=\"https:\/\/beteavon.org\/en\/beteavon-and-its-volunteers\/\" class=\"more-link\">Continue reading <span class=\"screen-reader-text\">BETEAV\u00d2N AND ITS VOLUNTEERS<\/span><\/a><\/p>\n","protected":false},"author":1,"featured_media":0,"parent":0,"menu_order":0,"comment_status":"closed","ping_status":"closed","template":"","meta":{"footnotes":""},"class_list":["post-200","page","type-page","status-publish","hentry"],"yoast_head":"<!-- This site is optimized with the Yoast SEO plugin v27.3 - https:\/\/yoast.com\/product\/yoast-seo-wordpress\/ -->\n<title>BETEAV\u00d2N AND ITS VOLUNTEERS - Beteav\u00f2n<\/title>\n<meta name=\"description\" content=\"Beteav\u00f2n relies on the valuable help of its volunteers who provide support\" \/>\n<meta name=\"robots\" content=\"index, follow, max-snippet:-1, max-image-preview:large, max-video-preview:-1\" \/>\n<link rel=\"canonical\" href=\"https:\/\/beteavon.org\/en\/beteavon-and-its-volunteers\/\" \/>\n<meta property=\"og:locale\" content=\"en_US\" \/>\n<meta property=\"og:type\" content=\"article\" \/>\n<meta property=\"og:title\" content=\"BETEAV\u00d2N AND ITS VOLUNTEERS - Beteav\u00f2n\" \/>\n<meta property=\"og:description\" content=\"Beteav\u00f2n relies on the valuable help of its volunteers who provide support\" \/>\n<meta property=\"og:url\" content=\"https:\/\/beteavon.org\/en\/beteavon-and-its-volunteers\/\" \/>\n<meta property=\"og:site_name\" content=\"Beteav\u00f2n\" \/>\n<meta property=\"article:modified_time\" content=\"2025-06-27T15:08:50+00:00\" \/>\n<meta name=\"twitter:card\" content=\"summary_large_image\" \/>\n<meta name=\"twitter:label1\" content=\"Est. reading time\" \/>\n\t<meta name=\"twitter:data1\" content=\"2 minutes\" \/>\n<script type=\"application\/ld+json\" class=\"yoast-schema-graph\">{\"@context\":\"https:\\\/\\\/schema.org\",\"@graph\":[{\"@type\":\"WebPage\",\"@id\":\"https:\\\/\\\/beteavon.org\\\/en\\\/beteavon-and-its-volunteers\\\/\",\"url\":\"https:\\\/\\\/beteavon.org\\\/en\\\/beteavon-and-its-volunteers\\\/\",\"name\":\"BETEAV\u00d2N AND ITS VOLUNTEERS - Beteav\u00f2n\",\"isPartOf\":{\"@id\":\"https:\\\/\\\/beteavon.org\\\/en\\\/#website\"},\"datePublished\":\"2025-06-26T08:13:32+00:00\",\"dateModified\":\"2025-06-27T15:08:50+00:00\",\"description\":\"Beteav\u00f2n relies on the valuable help of its volunteers who provide support\",\"breadcrumb\":{\"@id\":\"https:\\\/\\\/beteavon.org\\\/en\\\/beteavon-and-its-volunteers\\\/#breadcrumb\"},\"inLanguage\":\"en-US\",\"potentialAction\":[{\"@type\":\"ReadAction\",\"target\":[\"https:\\\/\\\/beteavon.org\\\/en\\\/beteavon-and-its-volunteers\\\/\"]}]},{\"@type\":\"BreadcrumbList\",\"@id\":\"https:\\\/\\\/beteavon.org\\\/en\\\/beteavon-and-its-volunteers\\\/#breadcrumb\",\"itemListElement\":[{\"@type\":\"ListItem\",\"position\":1,\"name\":\"Home\",\"item\":\"https:\\\/\\\/beteavon.org\\\/en\\\/\"},{\"@type\":\"ListItem\",\"position\":2,\"name\":\"BETEAV\u00d2N AND ITS VOLUNTEERS\"}]},{\"@type\":\"WebSite\",\"@id\":\"https:\\\/\\\/beteavon.org\\\/en\\\/#website\",\"url\":\"https:\\\/\\\/beteavon.org\\\/en\\\/\",\"name\":\"Beteav\u00f2n\",\"description\":\"La Nostra Grande Cucina\",\"potentialAction\":[{\"@type\":\"SearchAction\",\"target\":{\"@type\":\"EntryPoint\",\"urlTemplate\":\"https:\\\/\\\/beteavon.org\\\/en\\\/?s={search_term_string}\"},\"query-input\":{\"@type\":\"PropertyValueSpecification\",\"valueRequired\":true,\"valueName\":\"search_term_string\"}}],\"inLanguage\":\"en-US\"}]}<\/script>\n<!-- \/ Yoast SEO plugin. -->","yoast_head_json":{"title":"BETEAV\u00d2N AND ITS VOLUNTEERS - Beteav\u00f2n","description":"Beteav\u00f2n relies on the valuable help of its volunteers who provide support","robots":{"index":"index","follow":"follow","max-snippet":"max-snippet:-1","max-image-preview":"max-image-preview:large","max-video-preview":"max-video-preview:-1"},"canonical":"https:\/\/beteavon.org\/en\/beteavon-and-its-volunteers\/","og_locale":"en_US","og_type":"article","og_title":"BETEAV\u00d2N AND ITS VOLUNTEERS - Beteav\u00f2n","og_description":"Beteav\u00f2n relies on the valuable help of its volunteers who provide support","og_url":"https:\/\/beteavon.org\/en\/beteavon-and-its-volunteers\/","og_site_name":"Beteav\u00f2n","article_modified_time":"2025-06-27T15:08:50+00:00","twitter_card":"summary_large_image","twitter_misc":{"Est. reading time":"2 minutes"},"schema":{"@context":"https:\/\/schema.org","@graph":[{"@type":"WebPage","@id":"https:\/\/beteavon.org\/en\/beteavon-and-its-volunteers\/","url":"https:\/\/beteavon.org\/en\/beteavon-and-its-volunteers\/","name":"BETEAV\u00d2N AND ITS VOLUNTEERS - Beteav\u00f2n","isPartOf":{"@id":"https:\/\/beteavon.org\/en\/#website"},"datePublished":"2025-06-26T08:13:32+00:00","dateModified":"2025-06-27T15:08:50+00:00","description":"Beteav\u00f2n relies on the valuable help of its volunteers who provide support","breadcrumb":{"@id":"https:\/\/beteavon.org\/en\/beteavon-and-its-volunteers\/#breadcrumb"},"inLanguage":"en-US","potentialAction":[{"@type":"ReadAction","target":["https:\/\/beteavon.org\/en\/beteavon-and-its-volunteers\/"]}]},{"@type":"BreadcrumbList","@id":"https:\/\/beteavon.org\/en\/beteavon-and-its-volunteers\/#breadcrumb","itemListElement":[{"@type":"ListItem","position":1,"name":"Home","item":"https:\/\/beteavon.org\/en\/"},{"@type":"ListItem","position":2,"name":"BETEAV\u00d2N AND ITS VOLUNTEERS"}]},{"@type":"WebSite","@id":"https:\/\/beteavon.org\/en\/#website","url":"https:\/\/beteavon.org\/en\/","name":"Beteav\u00f2n","description":"La Nostra Grande Cucina","potentialAction":[{"@type":"SearchAction","target":{"@type":"EntryPoint","urlTemplate":"https:\/\/beteavon.org\/en\/?s={search_term_string}"},"query-input":{"@type":"PropertyValueSpecification","valueRequired":true,"valueName":"search_term_string"}}],"inLanguage":"en-US"}]}},"_links":{"self":[{"href":"https:\/\/beteavon.org\/en\/wp-json\/wp\/v2\/pages\/200","targetHints":{"allow":["GET"]}}],"collection":[{"href":"https:\/\/beteavon.org\/en\/wp-json\/wp\/v2\/pages"}],"about":[{"href":"https:\/\/beteavon.org\/en\/wp-json\/wp\/v2\/types\/page"}],"author":[{"embeddable":true,"href":"https:\/\/beteavon.org\/en\/wp-json\/wp\/v2\/users\/1"}],"replies":[{"embeddable":true,"href":"https:\/\/beteavon.org\/en\/wp-json\/wp\/v2\/comments?post=200"}],"version-history":[{"count":2,"href":"https:\/\/beteavon.org\/en\/wp-json\/wp\/v2\/pages\/200\/revisions"}],"predecessor-version":[{"id":310,"href":"https:\/\/beteavon.org\/en\/wp-json\/wp\/v2\/pages\/200\/revisions\/310"}],"wp:attachment":[{"href":"https:\/\/beteavon.org\/en\/wp-json\/wp\/v2\/media?parent=200"}],"curies":[{"name":"wp","href":"https:\/\/api.w.org\/{rel}","templated":true}]}}