{"id":196,"date":"2025-06-26T10:56:33","date_gmt":"2025-06-26T08:56:33","guid":{"rendered":"https:\/\/beteavon.org\/beteavon-city-angels\/"},"modified":"2025-06-26T15:01:38","modified_gmt":"2025-06-26T13:01:38","slug":"beteavon-city-angels","status":"publish","type":"page","link":"https:\/\/beteavon.org\/en\/progetti\/beteavon-city-angels\/","title":{"rendered":"BETEAV\u00d2N &#038; CITY ANGELS"},"content":{"rendered":"<div class=\"wpb-content-wrapper\"><p>[vc_row ts_textcolor=&#8221;white&#8221; ts_bgcolor=&#8221;skincolor&#8221; full_width=&#8221;stretch_row&#8221; css=&#8221;.vc_custom_1741274307155{padding-bottom: 170px !important;background-image: url(http:\/\/industco-demo.pbminfotech.com\/industco-data\/wp-content\/uploads\/sites\/7\/2018\/06\/02.jpg?id=5308) !important;background-position: center !important;background-repeat: no-repeat !important;background-size: cover !important;}&#8221;][vc_column]<div class=\"ts-element-heading-wrapper ts-heading-inner ts-element-align-center ts-seperator-none  w-100\"><section class=\"ts-vc_cta3-container w-100\"><div class=\"ts-vc_general ts-vc_cta3 ts-cta3-only ts-vc_cta3-style-classic ts-vc_cta3-shape-rounded ts-vc_cta3-align-center ts-vc_cta3-color-transparent ts-vc_cta3-icon-size-md ts-vc_cta3-actions-no ts-cta3-with-desc\"><div class=\"ts-vc_cta3_content-container\"><div class=\"ts-vc_cta3-content\"><div class=\"ts-vc_cta3-content-header ts-wrap\"><div class=\"ts-vc_cta3-headers ts-wrap-cell\"><h2 class=\"ts-custom-heading \" >BETEAV\u00d2N &amp; CITY ANGELS<\/h2>\n<\/div><\/div><div class=\"ts-cta3-content-wrapper\">\n<p style=\"text-align: center;\">Once a week, Beteav\u00f3n volunteers collaborate with City Angels, a volunteer association that helps the homeless, citizens and fights crime. Beteav\u00f2n is committed to providing about 70 hot meals for the homeless and together with City Angels distributes them in Piazza San Babila in Milan and inside the galleries. Volunteers also provide clothes and personal hygiene products to those in need.<\/p>\n<p><\/div><\/div><\/div><\/div><\/section><\/div> <!-- .ts-element-heading-wrapper container --> [\/vc_column][\/vc_row][vc_row el_class=&#8221;ts-mt-10&#8243; css=&#8221;.vc_custom_1731576578846{padding-top: 0px !important;padding-bottom: 0px !important;}&#8221;][vc_column][vc_media_grid style=&#8221;load-more&#8221; gap=&#8221;10&#8243; item=&#8221;mediaGrid_ScaleWithRotation&#8221; css=&#8221;&#8221; btn_title=&#8221;&#8221; grid_id=&#8221;vc_gid:1750942852475-c822017f-377f-9&#8243; include=&#8221;90,91,92,93,18,19&#8243;][\/vc_column][\/vc_row]<\/p>\n<\/div>","protected":false},"excerpt":{"rendered":"<p>[vc_row ts_textcolor=&#8221;white&#8221; ts_bgcolor=&#8221;skincolor&#8221; full_width=&#8221;stretch_row&#8221; css=&#8221;.vc_custom_1741274307155{padding-bottom: 170px !important;background-image: url(http:\/\/industco-demo.pbminfotech.com\/industco-data\/wp-content\/uploads\/sites\/7\/2018\/06\/02.jpg?id=5308) !important;background-position: center !important;background-repeat: no-repeat !important;background-size: cover !important;}&#8221;][vc_column][\/vc_column][\/vc_row][vc_row el_class=&#8221;ts-mt-10&#8243; css=&#8221;.vc_custom_1731576578846{padding-top: 0px !important;padding-bottom: 0px !important;}&#8221;][vc_column][vc_media_grid style=&#8221;load-more&#8221; gap=&#8221;10&#8243; item=&#8221;mediaGrid_ScaleWithRotation&#8221; css=&#8221;&#8221; btn_title=&#8221;&#8221; grid_id=&#8221;vc_gid:1750942852475-c822017f-377f-9&#8243; include=&#8221;90,91,92,93,18,19&#8243;][\/vc_column][\/vc_row]<\/p>\n","protected":false},"author":1,"featured_media":0,"parent":207,"menu_order":0,"comment_status":"closed","ping_status":"closed","template":"","meta":{"footnotes":""},"class_list":["post-196","page","type-page","status-publish","hentry"],"yoast_head":"<!-- This site is optimized with the Yoast SEO plugin v27.3 - https:\/\/yoast.com\/product\/yoast-seo-wordpress\/ -->\n<title>BETEAV\u00d2N &amp; CITY ANGELS - Beteav\u00f2n<\/title>\n<meta name=\"description\" content=\"Once a week, Beteav\u00f3n volunteers collaborate with the City Angels\" \/>\n<meta name=\"robots\" content=\"index, follow, max-snippet:-1, max-image-preview:large, max-video-preview:-1\" \/>\n<link rel=\"canonical\" href=\"https:\/\/beteavon.org\/en\/progetti\/beteavon-city-angels\/\" \/>\n<meta property=\"og:locale\" content=\"en_US\" \/>\n<meta property=\"og:type\" content=\"article\" \/>\n<meta property=\"og:title\" content=\"BETEAV\u00d2N &amp; CITY ANGELS - Beteav\u00f2n\" \/>\n<meta property=\"og:description\" content=\"Once a week, Beteav\u00f3n volunteers collaborate with the City Angels\" \/>\n<meta property=\"og:url\" content=\"https:\/\/beteavon.org\/en\/progetti\/beteavon-city-angels\/\" \/>\n<meta property=\"og:site_name\" content=\"Beteav\u00f2n\" \/>\n<meta property=\"article:modified_time\" content=\"2025-06-26T13:01:38+00:00\" \/>\n<meta name=\"twitter:card\" content=\"summary_large_image\" \/>\n<meta name=\"twitter:label1\" content=\"Est. reading time\" \/>\n\t<meta name=\"twitter:data1\" content=\"2 minutes\" \/>\n<script type=\"application\/ld+json\" class=\"yoast-schema-graph\">{\"@context\":\"https:\\\/\\\/schema.org\",\"@graph\":[{\"@type\":\"WebPage\",\"@id\":\"https:\\\/\\\/beteavon.org\\\/en\\\/progetti\\\/beteavon-city-angels\\\/\",\"url\":\"https:\\\/\\\/beteavon.org\\\/en\\\/progetti\\\/beteavon-city-angels\\\/\",\"name\":\"BETEAV\u00d2N & CITY ANGELS - Beteav\u00f2n\",\"isPartOf\":{\"@id\":\"https:\\\/\\\/beteavon.org\\\/en\\\/#website\"},\"datePublished\":\"2025-06-26T08:56:33+00:00\",\"dateModified\":\"2025-06-26T13:01:38+00:00\",\"description\":\"Once a week, Beteav\u00f3n volunteers collaborate with the City Angels\",\"breadcrumb\":{\"@id\":\"https:\\\/\\\/beteavon.org\\\/en\\\/progetti\\\/beteavon-city-angels\\\/#breadcrumb\"},\"inLanguage\":\"en-US\",\"potentialAction\":[{\"@type\":\"ReadAction\",\"target\":[\"https:\\\/\\\/beteavon.org\\\/en\\\/progetti\\\/beteavon-city-angels\\\/\"]}]},{\"@type\":\"BreadcrumbList\",\"@id\":\"https:\\\/\\\/beteavon.org\\\/en\\\/progetti\\\/beteavon-city-angels\\\/#breadcrumb\",\"itemListElement\":[{\"@type\":\"ListItem\",\"position\":1,\"name\":\"Home\",\"item\":\"https:\\\/\\\/beteavon.org\\\/en\\\/\"},{\"@type\":\"ListItem\",\"position\":2,\"name\":\"PROJECTS\",\"item\":\"https:\\\/\\\/beteavon.org\\\/en\\\/progetti\\\/\"},{\"@type\":\"ListItem\",\"position\":3,\"name\":\"BETEAV\u00d2N &#038; CITY ANGELS\"}]},{\"@type\":\"WebSite\",\"@id\":\"https:\\\/\\\/beteavon.org\\\/en\\\/#website\",\"url\":\"https:\\\/\\\/beteavon.org\\\/en\\\/\",\"name\":\"Beteav\u00f2n\",\"description\":\"La Nostra Grande Cucina\",\"potentialAction\":[{\"@type\":\"SearchAction\",\"target\":{\"@type\":\"EntryPoint\",\"urlTemplate\":\"https:\\\/\\\/beteavon.org\\\/en\\\/?s={search_term_string}\"},\"query-input\":{\"@type\":\"PropertyValueSpecification\",\"valueRequired\":true,\"valueName\":\"search_term_string\"}}],\"inLanguage\":\"en-US\"}]}<\/script>\n<!-- \/ Yoast SEO plugin. -->","yoast_head_json":{"title":"BETEAV\u00d2N & CITY ANGELS - Beteav\u00f2n","description":"Once a week, Beteav\u00f3n volunteers collaborate with the City Angels","robots":{"index":"index","follow":"follow","max-snippet":"max-snippet:-1","max-image-preview":"max-image-preview:large","max-video-preview":"max-video-preview:-1"},"canonical":"https:\/\/beteavon.org\/en\/progetti\/beteavon-city-angels\/","og_locale":"en_US","og_type":"article","og_title":"BETEAV\u00d2N & CITY ANGELS - Beteav\u00f2n","og_description":"Once a week, Beteav\u00f3n volunteers collaborate with the City Angels","og_url":"https:\/\/beteavon.org\/en\/progetti\/beteavon-city-angels\/","og_site_name":"Beteav\u00f2n","article_modified_time":"2025-06-26T13:01:38+00:00","twitter_card":"summary_large_image","twitter_misc":{"Est. reading time":"2 minutes"},"schema":{"@context":"https:\/\/schema.org","@graph":[{"@type":"WebPage","@id":"https:\/\/beteavon.org\/en\/progetti\/beteavon-city-angels\/","url":"https:\/\/beteavon.org\/en\/progetti\/beteavon-city-angels\/","name":"BETEAV\u00d2N & CITY ANGELS - Beteav\u00f2n","isPartOf":{"@id":"https:\/\/beteavon.org\/en\/#website"},"datePublished":"2025-06-26T08:56:33+00:00","dateModified":"2025-06-26T13:01:38+00:00","description":"Once a week, Beteav\u00f3n volunteers collaborate with the City Angels","breadcrumb":{"@id":"https:\/\/beteavon.org\/en\/progetti\/beteavon-city-angels\/#breadcrumb"},"inLanguage":"en-US","potentialAction":[{"@type":"ReadAction","target":["https:\/\/beteavon.org\/en\/progetti\/beteavon-city-angels\/"]}]},{"@type":"BreadcrumbList","@id":"https:\/\/beteavon.org\/en\/progetti\/beteavon-city-angels\/#breadcrumb","itemListElement":[{"@type":"ListItem","position":1,"name":"Home","item":"https:\/\/beteavon.org\/en\/"},{"@type":"ListItem","position":2,"name":"PROJECTS","item":"https:\/\/beteavon.org\/en\/progetti\/"},{"@type":"ListItem","position":3,"name":"BETEAV\u00d2N &#038; CITY ANGELS"}]},{"@type":"WebSite","@id":"https:\/\/beteavon.org\/en\/#website","url":"https:\/\/beteavon.org\/en\/","name":"Beteav\u00f2n","description":"La Nostra Grande Cucina","potentialAction":[{"@type":"SearchAction","target":{"@type":"EntryPoint","urlTemplate":"https:\/\/beteavon.org\/en\/?s={search_term_string}"},"query-input":{"@type":"PropertyValueSpecification","valueRequired":true,"valueName":"search_term_string"}}],"inLanguage":"en-US"}]}},"_links":{"self":[{"href":"https:\/\/beteavon.org\/en\/wp-json\/wp\/v2\/pages\/196","targetHints":{"allow":["GET"]}}],"collection":[{"href":"https:\/\/beteavon.org\/en\/wp-json\/wp\/v2\/pages"}],"about":[{"href":"https:\/\/beteavon.org\/en\/wp-json\/wp\/v2\/types\/page"}],"author":[{"embeddable":true,"href":"https:\/\/beteavon.org\/en\/wp-json\/wp\/v2\/users\/1"}],"replies":[{"embeddable":true,"href":"https:\/\/beteavon.org\/en\/wp-json\/wp\/v2\/comments?post=196"}],"version-history":[{"count":1,"href":"https:\/\/beteavon.org\/en\/wp-json\/wp\/v2\/pages\/196\/revisions"}],"predecessor-version":[{"id":242,"href":"https:\/\/beteavon.org\/en\/wp-json\/wp\/v2\/pages\/196\/revisions\/242"}],"up":[{"embeddable":true,"href":"https:\/\/beteavon.org\/en\/wp-json\/wp\/v2\/pages\/207"}],"wp:attachment":[{"href":"https:\/\/beteavon.org\/en\/wp-json\/wp\/v2\/media?parent=196"}],"curies":[{"name":"wp","href":"https:\/\/api.w.org\/{rel}","templated":true}]}}